{"id":123,"date":"2022-12-01T14:26:02","date_gmt":"2022-12-01T14:26:02","guid":{"rendered":"https:\/\/simed.wpengine.com\/?page_id=123"},"modified":"2024-09-09T18:09:21","modified_gmt":"2024-09-09T18:09:21","slug":"aviso-y-terminos-de-uso","status":"publish","type":"page","link":"https:\/\/simedpr.com\/en\/aviso-y-terminos-de-uso\/","title":{"rendered":"Notice and Terms of Use"},"content":{"rendered":"<div data-elementor-type=\"wp-page\" data-elementor-id=\"123\" class=\"elementor elementor-123\" data-elementor-post-type=\"page\">\n\t\t\t\t\t\t<section class=\"elementor-section elementor-top-section elementor-element elementor-element-54c7c9b elementor-section-height-min-height elementor-section-boxed elementor-section-height-default elementor-section-items-middle\" data-id=\"54c7c9b\" data-element_type=\"section\" data-e-type=\"section\" data-settings=\"{&quot;background_background&quot;:&quot;classic&quot;,&quot;shape_divider_bottom&quot;:&quot;curve-asymmetrical&quot;,&quot;shape_divider_bottom_negative&quot;:&quot;yes&quot;}\">\n\t\t\t\t\t\t\t<div class=\"elementor-background-overlay\"><\/div>\n\t\t\t\t\t\t<div class=\"elementor-shape elementor-shape-bottom\" aria-hidden=\"true\" data-negative=\"true\">\n\t\t\t<svg xmlns=\"http:\/\/www.w3.org\/2000\/svg\" viewbox=\"0 0 1000 100\" preserveaspectratio=\"none\">\n\t<path class=\"elementor-shape-fill\" d=\"M615.2,96.7C240.2,97.8,0,18.9,0,0v100h1000V0C1000,19.2,989.8,96,615.2,96.7z\"\/>\n<\/svg>\t\t<\/div>\n\t\t\t\t\t<div class=\"elementor-container elementor-column-gap-default\">\n\t\t\t\t\t<div class=\"elementor-column elementor-col-100 elementor-top-column elementor-element elementor-element-cdd3255\" data-id=\"cdd3255\" data-element_type=\"column\" data-e-type=\"column\">\n\t\t\t<div class=\"elementor-widget-wrap elementor-element-populated\">\n\t\t\t\t\t\t<div class=\"elementor-element elementor-element-8b014c2 elementor-widget elementor-widget-heading\" data-id=\"8b014c2\" data-element_type=\"widget\" data-e-type=\"widget\" data-widget_type=\"heading.default\">\n\t\t\t\t<div class=\"elementor-widget-container\">\n\t\t\t\t\t<h1 class=\"elementor-heading-title elementor-size-default\">Notice and Terms of Use<\/h1>\t\t\t\t<\/div>\n\t\t\t\t<\/div>\n\t\t\t\t\t<\/div>\n\t\t<\/div>\n\t\t\t\t\t<\/div>\n\t\t<\/section>\n\t\t\t\t<section class=\"elementor-section elementor-top-section elementor-element elementor-element-127d1ca elementor-section-boxed elementor-section-height-default elementor-section-height-default\" data-id=\"127d1ca\" data-element_type=\"section\" data-e-type=\"section\">\n\t\t\t\t\t\t<div class=\"elementor-container elementor-column-gap-default\">\n\t\t\t\t\t<div class=\"elementor-column elementor-col-100 elementor-top-column elementor-element elementor-element-c093c8b\" data-id=\"c093c8b\" data-element_type=\"column\" data-e-type=\"column\">\n\t\t\t<div class=\"elementor-widget-wrap elementor-element-populated\">\n\t\t\t\t\t\t<div class=\"elementor-element elementor-element-0b1fc4d elementor-widget elementor-widget-text-editor\" data-id=\"0b1fc4d\" data-element_type=\"widget\" data-e-type=\"widget\" data-widget_type=\"text-editor.default\">\n\t\t\t\t<div class=\"elementor-widget-container\">\n\t\t\t\t\t\t\t\t\t<p>Access to and use of this website implies your express knowledge and acceptance of the following terms of use and policies. Please read these terms and policies carefully before using this website.<\/p><p>The material and information on this website are provided \u201cAS IS\u201d and without warranties of any kind, either express or implied. No representation or warranty is made regarding content, functionality, links or communications, and there is no representation or warranty as to defects, errors or correctness thereof, communication interruptions, interceptors or loss of data, or the absence of viruses or other harmful components.<\/p><p>In no event shall SIMED be liable to any party for any costs or damages, including direct, indirect, special, incidental or consequential damages, arising out of or related to access to, use of, or inability to access or use this portal or any of its functions or features, including in connection with any browsing or downloading of any information, data, text, images or other material accessible through SIMEDPR.COM or any website linked or linking to SIMEDPR.COM.<\/p><p>When accessing or using any part of this portal you shall not:<\/p><p>Post or transmit any unlawful, threatening, abusive, libelous, defamatory, obscene, pornographic, profane or otherwise objectionable information of any kind, including, but not limited to, any transmissions that constitute or encourage criminal conduct, give rise to civil liability or violate any national or international law;<br \/>Post or transmit any information or software that contains a virus, worm, Trojan horse or other harmful component;<br \/>Interfere with the operation of simedpr.com or restrict or inhibit any other user from using this portal;<br \/>Publish, transmit, reproduce, distribute or exploit any information, software or other material obtained through simedpr.com for commercial purposes without the prior written consent of SIMED;<br \/>Publish or upload content on simedpr.com in which you do not own the respective rights;<br \/>Use logos, product or service marks, icons or images contained in this portal. The material contained in this portal is the property of SIMED. Any unauthorized use of the material may violate copyright laws, trademark laws, privacy and publicity laws and communications regulations and statutes.<\/p>\t\t\t\t\t\t\t\t<\/div>\n\t\t\t\t<\/div>\n\t\t\t\t<div class=\"elementor-element elementor-element-dfea771 elementor-widget elementor-widget-heading\" data-id=\"dfea771\" data-element_type=\"widget\" data-e-type=\"widget\" data-widget_type=\"heading.default\">\n\t\t\t\t<div class=\"elementor-widget-container\">\n\t\t\t\t\t<h5 class=\"elementor-heading-title elementor-size-default\">Policies<\/h5>\t\t\t\t<\/div>\n\t\t\t\t<\/div>\n\t\t\t\t<div class=\"elementor-element elementor-element-f000b32 elementor-widget elementor-widget-text-editor\" data-id=\"f000b32\" data-element_type=\"widget\" data-e-type=\"widget\" data-widget_type=\"text-editor.default\">\n\t\t\t\t<div class=\"elementor-widget-container\">\n\t\t\t\t\t\t\t\t\t<p>For the purposes of this policy:<br \/>Company \u2013 Means SIMED<br \/>Clients \u2013 Means Insureds, Claimants and Prospective Insureds<\/p>\t\t\t\t\t\t\t\t<\/div>\n\t\t\t\t<\/div>\n\t\t\t\t<div class=\"elementor-element elementor-element-4e3e8f6 elementor-widget elementor-widget-heading\" data-id=\"4e3e8f6\" data-element_type=\"widget\" data-e-type=\"widget\" data-widget_type=\"heading.default\">\n\t\t\t\t<div class=\"elementor-widget-container\">\n\t\t\t\t\t<h5 class=\"elementor-heading-title elementor-size-default\">Security Policy<\/h5>\t\t\t\t<\/div>\n\t\t\t\t<\/div>\n\t\t\t\t<div class=\"elementor-element elementor-element-975d177 elementor-widget elementor-widget-text-editor\" data-id=\"975d177\" data-element_type=\"widget\" data-e-type=\"widget\" data-widget_type=\"text-editor.default\">\n\t\t\t\t<div class=\"elementor-widget-container\">\n\t\t\t\t\t\t\t\t\t<p>The Company protects the confidentiality of the personal information it obtains about you, including through its cyber portal, by maintaining the necessary physical and electronic security measures, as required by law.<\/p><p>To internally protect its Clients' information, the Company limits access to your information only to employees who need to use it to provide you with the service we market or when necessary to comply with any regulation, court order, federal or state law that requires it.<\/p><p>At the Company, we hold our employees accountable for compliance with our privacy policy and take the applicable disciplinary measures in accordance with our Employee Manual.<\/p>\t\t\t\t\t\t\t\t<\/div>\n\t\t\t\t<\/div>\n\t\t\t\t<div class=\"elementor-element elementor-element-912f089 elementor-widget elementor-widget-heading\" data-id=\"912f089\" data-element_type=\"widget\" data-e-type=\"widget\" data-widget_type=\"heading.default\">\n\t\t\t\t<div class=\"elementor-widget-container\">\n\t\t\t\t\t<h5 class=\"elementor-heading-title elementor-size-default\">Privacy Policy<\/h5>\t\t\t\t<\/div>\n\t\t\t\t<\/div>\n\t\t\t\t<div class=\"elementor-element elementor-element-5db5e3e elementor-widget elementor-widget-text-editor\" data-id=\"5db5e3e\" data-element_type=\"widget\" data-e-type=\"widget\" data-widget_type=\"text-editor.default\">\n\t\t\t\t<div class=\"elementor-widget-container\">\n\t\t\t\t\t\t\t\t\t<p>The information received from our Clients is a necessary element to provide the excellent service that the Company offers to its Clients.<\/p><p>The security and confidentiality of personal information, as well as the careful handling of it, respecting the privacy of our Clients, is of utmost importance to us.<\/p>\t\t\t\t\t\t\t\t<\/div>\n\t\t\t\t<\/div>\n\t\t\t\t<div class=\"elementor-element elementor-element-d400151 elementor-widget elementor-widget-heading\" data-id=\"d400151\" data-element_type=\"widget\" data-e-type=\"widget\" data-widget_type=\"heading.default\">\n\t\t\t\t<div class=\"elementor-widget-container\">\n\t\t\t\t\t<h5 class=\"elementor-heading-title elementor-size-default\">Type of information we collect:<\/h5>\t\t\t\t<\/div>\n\t\t\t\t<\/div>\n\t\t\t\t<div class=\"elementor-element elementor-element-0aad2f0 elementor-widget elementor-widget-text-editor\" data-id=\"0aad2f0\" data-element_type=\"widget\" data-e-type=\"widget\" data-widget_type=\"text-editor.default\">\n\t\t\t\t<div class=\"elementor-widget-container\">\n\t\t\t\t\t\t\t\t\t<p>Information provided by you voluntarily to us or any of our authorized representatives or brokers in connection with obtaining any insurance service or product. Typically the information collected is your name, address, telephone number, email, social security number, license number or place where you will provide your medical-hospital services. From such information, your occupation, economic condition or hobby could be inferred.<\/p><p>Information about transactions or actions carried out with us related to policy coverage, premium, claim number, claim files, claim history, insurance transaction history. These examples of the type of information we collect are illustrative and should not be considered a complete inventory of our information collection.<\/p>\t\t\t\t\t\t\t\t<\/div>\n\t\t\t\t<\/div>\n\t\t\t\t<div class=\"elementor-element elementor-element-fe05e44 elementor-widget elementor-widget-heading\" data-id=\"fe05e44\" data-element_type=\"widget\" data-e-type=\"widget\" data-widget_type=\"heading.default\">\n\t\t\t\t<div class=\"elementor-widget-container\">\n\t\t\t\t\t<h5 class=\"elementor-heading-title elementor-size-default\">Shared personal information:<\/h5>\t\t\t\t<\/div>\n\t\t\t\t<\/div>\n\t\t\t\t<div class=\"elementor-element elementor-element-aefe411 elementor-widget elementor-widget-text-editor\" data-id=\"aefe411\" data-element_type=\"widget\" data-e-type=\"widget\" data-widget_type=\"text-editor.default\">\n\t\t\t\t<div class=\"elementor-widget-container\">\n\t\t\t\t\t\t\t\t\t<p>The Company does not share the personal information of its Clients.<\/p><p>As an exception, and as permitted by law, we may share the above information with persons or companies that provide the services we offer to our Clients on our behalf. We may also share such information with companies that perform services for our company during marketing campaigns for our products or services. We only share with these persons, companies or businesses the information that is strictly necessary to achieve our marketing objectives and offer the aforementioned service.<\/p><p>We require these persons, companies or businesses, by written contract, to maintain strict confidentiality of the information and limit its use to the purposes for which it was provided.<\/p>\t\t\t\t\t\t\t\t<\/div>\n\t\t\t\t<\/div>\n\t\t\t\t<div class=\"elementor-element elementor-element-1c7a1ea elementor-widget elementor-widget-heading\" data-id=\"1c7a1ea\" data-element_type=\"widget\" data-e-type=\"widget\" data-widget_type=\"heading.default\">\n\t\t\t\t<div class=\"elementor-widget-container\">\n\t\t\t\t\t<h5 class=\"elementor-heading-title elementor-size-default\">Information about past clients:<\/h5>\t\t\t\t<\/div>\n\t\t\t\t<\/div>\n\t\t\t\t<div class=\"elementor-element elementor-element-3490e07 elementor-widget elementor-widget-text-editor\" data-id=\"3490e07\" data-element_type=\"widget\" data-e-type=\"widget\" data-widget_type=\"text-editor.default\">\n\t\t\t\t<div class=\"elementor-widget-container\">\n\t\t\t\t\t\t\t\t\t<p>The Company does not share personal information about its past Clients except as permitted by law.<\/p>\t\t\t\t\t\t\t\t<\/div>\n\t\t\t\t<\/div>\n\t\t\t\t\t<\/div>\n\t\t<\/div>\n\t\t\t\t\t<\/div>\n\t\t<\/section>\n\t\t\t\t<\/div>","protected":false},"excerpt":{"rendered":"<p>Aviso y T\u00e9rminos de Uso El acceso y uso de este portal cibern\u00e9tico supone conocer y aceptar expresamente las siguientes condiciones de uso y pol\u00edticas. Lea atentamente estas condiciones y pol\u00edticas antes de utilizar este portal cibern\u00e9tico. El material y la informaci\u00f3n en este portal cibern\u00e9tico se proporcionan \u201cTAL CUAL\u201d y sin garant\u00edas de ning\u00fan [&hellip;]<\/p>\n","protected":false},"author":2,"featured_media":0,"parent":0,"menu_order":0,"comment_status":"closed","ping_status":"closed","template":"elementor_header_footer","meta":{"site-sidebar-layout":"no-sidebar","site-content-layout":"page-builder","ast-site-content-layout":"default","site-content-style":"default","site-sidebar-style":"default","ast-global-header-display":"","ast-banner-title-visibility":"","ast-main-header-display":"","ast-hfb-above-header-display":"","ast-hfb-below-header-display":"","ast-hfb-mobile-header-display":"","site-post-title":"disabled","ast-breadcrumbs-content":"","ast-featured-img":"disabled","footer-sml-layout":"","theme-transparent-header-meta":"","adv-header-id-meta":"","stick-header-meta":"","header-above-stick-meta":"","header-main-stick-meta":"","header-below-stick-meta":"","astra-migrate-meta-layouts":"default","ast-page-background-enabled":"default","ast-page-background-meta":{"desktop":{"background-color":"var(--ast-global-color-4)","background-image":"","background-repeat":"repeat","background-position":"center center","background-size":"auto","background-attachment":"scroll","background-type":"","background-media":"","overlay-type":"","overlay-color":"","overlay-opacity":"","overlay-gradient":""},"tablet":{"background-color":"","background-image":"","background-repeat":"repeat","background-position":"center center","background-size":"auto","background-attachment":"scroll","background-type":"","background-media":"","overlay-type":"","overlay-color":"","overlay-opacity":"","overlay-gradient":""},"mobile":{"background-color":"","background-image":"","background-repeat":"repeat","background-position":"center center","background-size":"auto","background-attachment":"scroll","background-type":"","background-media":"","overlay-type":"","overlay-color":"","overlay-opacity":"","overlay-gradient":""}},"ast-content-background-meta":{"desktop":{"background-color":"var(--ast-global-color-5)","background-image":"","background-repeat":"repeat","background-position":"center center","background-size":"auto","background-attachment":"scroll","background-type":"","background-media":"","overlay-type":"","overlay-color":"","overlay-opacity":"","overlay-gradient":""},"tablet":{"background-color":"var(--ast-global-color-5)","background-image":"","background-repeat":"repeat","background-position":"center center","background-size":"auto","background-attachment":"scroll","background-type":"","background-media":"","overlay-type":"","overlay-color":"","overlay-opacity":"","overlay-gradient":""},"mobile":{"background-color":"var(--ast-global-color-5)","background-image":"","background-repeat":"repeat","background-position":"center center","background-size":"auto","background-attachment":"scroll","background-type":"","background-media":"","overlay-type":"","overlay-color":"","overlay-opacity":"","overlay-gradient":""}},"footnotes":""},"class_list":["post-123","page","type-page","status-publish","hentry"],"yoast_head":"<!-- This site is optimized with the Yoast SEO plugin v27.5 - https:\/\/yoast.com\/product\/yoast-seo-wordpress\/ -->\n<title>Aviso y T\u00e9rminos de Uso - SIMED<\/title>\n<meta name=\"robots\" content=\"index, follow, max-snippet:-1, max-image-preview:large, max-video-preview:-1\" \/>\n<link rel=\"canonical\" href=\"https:\/\/simedpr.com\/en\/aviso-y-terminos-de-uso\/\" \/>\n<meta property=\"og:locale\" content=\"en_US\" \/>\n<meta property=\"og:type\" content=\"article\" \/>\n<meta property=\"og:title\" content=\"Aviso y T\u00e9rminos de Uso - SIMED\" \/>\n<meta property=\"og:description\" content=\"Aviso y T\u00e9rminos de Uso El acceso y uso de este portal cibern\u00e9tico supone conocer y aceptar expresamente las siguientes condiciones de uso y pol\u00edticas. Lea atentamente estas condiciones y pol\u00edticas antes de utilizar este portal cibern\u00e9tico. El material y la informaci\u00f3n en este portal cibern\u00e9tico se proporcionan \u201cTAL CUAL\u201d y sin garant\u00edas de ning\u00fan [&hellip;]\" \/>\n<meta property=\"og:url\" content=\"https:\/\/simedpr.com\/en\/aviso-y-terminos-de-uso\/\" \/>\n<meta property=\"og:site_name\" content=\"SIMED\" \/>\n<meta property=\"article:publisher\" content=\"https:\/\/www.facebook.com\/SIMEDPR\" \/>\n<meta property=\"article:modified_time\" content=\"2024-09-09T18:09:21+00:00\" \/>\n<meta name=\"twitter:card\" content=\"summary_large_image\" \/>\n<meta name=\"twitter:label1\" content=\"Est. reading time\" \/>\n\t<meta name=\"twitter:data1\" content=\"4 minutes\" \/>\n<script type=\"application\/ld+json\" class=\"yoast-schema-graph\">{\"@context\":\"https:\\\/\\\/schema.org\",\"@graph\":[{\"@type\":\"WebPage\",\"@id\":\"https:\\\/\\\/simedpr.com\\\/aviso-y-terminos-de-uso\\\/\",\"url\":\"https:\\\/\\\/simedpr.com\\\/aviso-y-terminos-de-uso\\\/\",\"name\":\"Aviso y T\u00e9rminos de Uso - SIMED\",\"isPartOf\":{\"@id\":\"https:\\\/\\\/simedpr.com\\\/#website\"},\"datePublished\":\"2022-12-01T14:26:02+00:00\",\"dateModified\":\"2024-09-09T18:09:21+00:00\",\"breadcrumb\":{\"@id\":\"https:\\\/\\\/simedpr.com\\\/aviso-y-terminos-de-uso\\\/#breadcrumb\"},\"inLanguage\":\"en-US\",\"potentialAction\":[{\"@type\":\"ReadAction\",\"target\":[\"https:\\\/\\\/simedpr.com\\\/aviso-y-terminos-de-uso\\\/\"]}]},{\"@type\":\"BreadcrumbList\",\"@id\":\"https:\\\/\\\/simedpr.com\\\/aviso-y-terminos-de-uso\\\/#breadcrumb\",\"itemListElement\":[{\"@type\":\"ListItem\",\"position\":1,\"name\":\"Home\",\"item\":\"https:\\\/\\\/simedpr.com\\\/\"},{\"@type\":\"ListItem\",\"position\":2,\"name\":\"Aviso y T\u00e9rminos de Uso\"}]},{\"@type\":\"WebSite\",\"@id\":\"https:\\\/\\\/simedpr.com\\\/#website\",\"url\":\"https:\\\/\\\/simedpr.com\\\/\",\"name\":\"SIMED\",\"description\":\"Protegemos las carreras de quienes cuidan de nuestra salud.\",\"publisher\":{\"@id\":\"https:\\\/\\\/simedpr.com\\\/#organization\"},\"potentialAction\":[{\"@type\":\"SearchAction\",\"target\":{\"@type\":\"EntryPoint\",\"urlTemplate\":\"https:\\\/\\\/simedpr.com\\\/?s={search_term_string}\"},\"query-input\":{\"@type\":\"PropertyValueSpecification\",\"valueRequired\":true,\"valueName\":\"search_term_string\"}}],\"inLanguage\":\"en-US\"},{\"@type\":\"Organization\",\"@id\":\"https:\\\/\\\/simedpr.com\\\/#organization\",\"name\":\"SIMED\",\"url\":\"https:\\\/\\\/simedpr.com\\\/\",\"logo\":{\"@type\":\"ImageObject\",\"inLanguage\":\"en-US\",\"@id\":\"https:\\\/\\\/simedpr.com\\\/#\\\/schema\\\/logo\\\/image\\\/\",\"url\":\"https:\\\/\\\/simedpr.com\\\/wp-content\\\/uploads\\\/2022\\\/11\\\/simed-40-gradient.svg\",\"contentUrl\":\"https:\\\/\\\/simedpr.com\\\/wp-content\\\/uploads\\\/2022\\\/11\\\/simed-40-gradient.svg\",\"width\":434,\"height\":160,\"caption\":\"SIMED\"},\"image\":{\"@id\":\"https:\\\/\\\/simedpr.com\\\/#\\\/schema\\\/logo\\\/image\\\/\"},\"sameAs\":[\"https:\\\/\\\/www.facebook.com\\\/SIMEDPR\",\"https:\\\/\\\/www.instagram.com\\\/simedpr\\\/?hl=en\",\"https:\\\/\\\/www.youtube.com\\\/@simedpuertorico349\"]}]}<\/script>\n<!-- \/ Yoast SEO plugin. -->","yoast_head_json":{"title":"Aviso y T\u00e9rminos de Uso - SIMED","robots":{"index":"index","follow":"follow","max-snippet":"max-snippet:-1","max-image-preview":"max-image-preview:large","max-video-preview":"max-video-preview:-1"},"canonical":"https:\/\/simedpr.com\/en\/aviso-y-terminos-de-uso\/","og_locale":"en_US","og_type":"article","og_title":"Aviso y T\u00e9rminos de Uso - SIMED","og_description":"Aviso y T\u00e9rminos de Uso El acceso y uso de este portal cibern\u00e9tico supone conocer y aceptar expresamente las siguientes condiciones de uso y pol\u00edticas. Lea atentamente estas condiciones y pol\u00edticas antes de utilizar este portal cibern\u00e9tico. El material y la informaci\u00f3n en este portal cibern\u00e9tico se proporcionan \u201cTAL CUAL\u201d y sin garant\u00edas de ning\u00fan [&hellip;]","og_url":"https:\/\/simedpr.com\/en\/aviso-y-terminos-de-uso\/","og_site_name":"SIMED","article_publisher":"https:\/\/www.facebook.com\/SIMEDPR","article_modified_time":"2024-09-09T18:09:21+00:00","twitter_card":"summary_large_image","twitter_misc":{"Est. reading time":"4 minutes"},"schema":{"@context":"https:\/\/schema.org","@graph":[{"@type":"WebPage","@id":"https:\/\/simedpr.com\/aviso-y-terminos-de-uso\/","url":"https:\/\/simedpr.com\/aviso-y-terminos-de-uso\/","name":"Aviso y T\u00e9rminos de Uso - SIMED","isPartOf":{"@id":"https:\/\/simedpr.com\/#website"},"datePublished":"2022-12-01T14:26:02+00:00","dateModified":"2024-09-09T18:09:21+00:00","breadcrumb":{"@id":"https:\/\/simedpr.com\/aviso-y-terminos-de-uso\/#breadcrumb"},"inLanguage":"en-US","potentialAction":[{"@type":"ReadAction","target":["https:\/\/simedpr.com\/aviso-y-terminos-de-uso\/"]}]},{"@type":"BreadcrumbList","@id":"https:\/\/simedpr.com\/aviso-y-terminos-de-uso\/#breadcrumb","itemListElement":[{"@type":"ListItem","position":1,"name":"Home","item":"https:\/\/simedpr.com\/"},{"@type":"ListItem","position":2,"name":"Aviso y T\u00e9rminos de Uso"}]},{"@type":"WebSite","@id":"https:\/\/simedpr.com\/#website","url":"https:\/\/simedpr.com\/","name":"SIMED","description":"We protect the careers of those who care for our health.","publisher":{"@id":"https:\/\/simedpr.com\/#organization"},"potentialAction":[{"@type":"SearchAction","target":{"@type":"EntryPoint","urlTemplate":"https:\/\/simedpr.com\/?s={search_term_string}"},"query-input":{"@type":"PropertyValueSpecification","valueRequired":true,"valueName":"search_term_string"}}],"inLanguage":"en-US"},{"@type":"Organization","@id":"https:\/\/simedpr.com\/#organization","name":"SIMED","url":"https:\/\/simedpr.com\/","logo":{"@type":"ImageObject","inLanguage":"en-US","@id":"https:\/\/simedpr.com\/#\/schema\/logo\/image\/","url":"https:\/\/simedpr.com\/wp-content\/uploads\/2022\/11\/simed-40-gradient.svg","contentUrl":"https:\/\/simedpr.com\/wp-content\/uploads\/2022\/11\/simed-40-gradient.svg","width":434,"height":160,"caption":"SIMED"},"image":{"@id":"https:\/\/simedpr.com\/#\/schema\/logo\/image\/"},"sameAs":["https:\/\/www.facebook.com\/SIMEDPR","https:\/\/www.instagram.com\/simedpr\/?hl=en","https:\/\/www.youtube.com\/@simedpuertorico349"]}]}},"_links":{"self":[{"href":"https:\/\/simedpr.com\/en\/wp-json\/wp\/v2\/pages\/123","targetHints":{"allow":["GET"]}}],"collection":[{"href":"https:\/\/simedpr.com\/en\/wp-json\/wp\/v2\/pages"}],"about":[{"href":"https:\/\/simedpr.com\/en\/wp-json\/wp\/v2\/types\/page"}],"author":[{"embeddable":true,"href":"https:\/\/simedpr.com\/en\/wp-json\/wp\/v2\/users\/2"}],"replies":[{"embeddable":true,"href":"https:\/\/simedpr.com\/en\/wp-json\/wp\/v2\/comments?post=123"}],"version-history":[{"count":0,"href":"https:\/\/simedpr.com\/en\/wp-json\/wp\/v2\/pages\/123\/revisions"}],"wp:attachment":[{"href":"https:\/\/simedpr.com\/en\/wp-json\/wp\/v2\/media?parent=123"}],"curies":[{"name":"wp","href":"https:\/\/api.w.org\/{rel}","templated":true}]}}