{"id":455,"date":"2024-01-19T13:59:13","date_gmt":"2024-01-19T13:59:13","guid":{"rendered":"https:\/\/simedpr.com\/?page_id=455"},"modified":"2024-01-29T19:50:25","modified_gmt":"2024-01-29T19:50:25","slug":"recursos-simedu","status":"publish","type":"page","link":"https:\/\/simedpr.com\/en\/recursos-simedu\/","title":{"rendered":"SIMED U Resources"},"content":{"rendered":"\t\t<div data-elementor-type=\"wp-page\" data-elementor-id=\"455\" class=\"elementor elementor-455\" data-elementor-post-type=\"page\">\n\t\t\t\t\t\t<section class=\"elementor-section elementor-top-section elementor-element elementor-element-a75f397 elementor-section-height-min-height elementor-section-boxed elementor-section-height-default elementor-section-items-middle\" data-id=\"a75f397\" data-element_type=\"section\" data-e-type=\"section\" data-settings=\"{&quot;background_background&quot;:&quot;classic&quot;,&quot;shape_divider_bottom&quot;:&quot;curve-asymmetrical&quot;,&quot;shape_divider_bottom_negative&quot;:&quot;yes&quot;,&quot;background_motion_fx_motion_fx_scrolling&quot;:&quot;yes&quot;,&quot;background_motion_fx_scale_effect&quot;:&quot;yes&quot;,&quot;background_motion_fx_scale_direction&quot;:&quot;out-in&quot;,&quot;background_motion_fx_scale_speed&quot;:{&quot;unit&quot;:&quot;px&quot;,&quot;size&quot;:4,&quot;sizes&quot;:[]},&quot;background_motion_fx_scale_range&quot;:{&quot;unit&quot;:&quot;%&quot;,&quot;size&quot;:&quot;&quot;,&quot;sizes&quot;:{&quot;start&quot;:20,&quot;end&quot;:80}},&quot;background_motion_fx_devices&quot;:[&quot;desktop&quot;,&quot;tablet&quot;,&quot;mobile&quot;]}\">\n\t\t\t\t\t\t\t<div class=\"elementor-background-overlay\"><\/div>\n\t\t\t\t\t\t<div class=\"elementor-shape elementor-shape-bottom\" aria-hidden=\"true\" data-negative=\"true\">\n\t\t\t<svg xmlns=\"http:\/\/www.w3.org\/2000\/svg\" viewBox=\"0 0 1000 100\" preserveAspectRatio=\"none\">\n\t<path class=\"elementor-shape-fill\" d=\"M615.2,96.7C240.2,97.8,0,18.9,0,0v100h1000V0C1000,19.2,989.8,96,615.2,96.7z\"\/>\n<\/svg>\t\t<\/div>\n\t\t\t\t\t<div class=\"elementor-container elementor-column-gap-default\">\n\t\t\t\t\t<div class=\"elementor-column elementor-col-100 elementor-top-column elementor-element elementor-element-a43ae74\" data-id=\"a43ae74\" data-element_type=\"column\" data-e-type=\"column\">\n\t\t\t<div class=\"elementor-widget-wrap elementor-element-populated\">\n\t\t\t\t\t\t<div class=\"elementor-element elementor-element-98299d3 elementor-invisible elementor-widget elementor-widget-heading\" data-id=\"98299d3\" data-element_type=\"widget\" data-e-type=\"widget\" data-settings=\"{&quot;_animation&quot;:&quot;fadeInUp&quot;}\" data-widget_type=\"heading.default\">\n\t\t\t\t<div class=\"elementor-widget-container\">\n\t\t\t\t\t<h1 class=\"elementor-heading-title elementor-size-default\">Recursos SIMED U<\/h1>\t\t\t\t<\/div>\n\t\t\t\t<\/div>\n\t\t\t\t<div class=\"elementor-element elementor-element-27936c3 elementor-hidden-desktop elementor-hidden-tablet elementor-hidden-mobile elementor-invisible elementor-widget elementor-widget-heading\" data-id=\"27936c3\" data-element_type=\"widget\" data-e-type=\"widget\" data-settings=\"{&quot;_animation&quot;:&quot;fadeInUp&quot;,&quot;_animation_delay&quot;:200}\" data-widget_type=\"heading.default\">\n\t\t\t\t<div class=\"elementor-widget-container\">\n\t\t\t\t\t<h5 class=\"elementor-heading-title elementor-size-default\">Mantente informado con exclusivos materiales educativos: estudios de caso, \u201cbenchmarking studies\u201d, incidencia de reclamaciones por especialidad, factores contribuyentes m\u00e1s comunes, \u00e1reas de vulnerabilidad y muchos otros.<\/h5>\t\t\t\t<\/div>\n\t\t\t\t<\/div>\n\t\t\t\t\t<\/div>\n\t\t<\/div>\n\t\t\t\t\t<\/div>\n\t\t<\/section>\n\t\t\t\t<section class=\"elementor-section elementor-top-section elementor-element elementor-element-f617396 elementor-section-boxed elementor-section-height-default elementor-section-height-default\" data-id=\"f617396\" data-element_type=\"section\" data-e-type=\"section\">\n\t\t\t\t\t\t<div class=\"elementor-container elementor-column-gap-wider\">\n\t\t\t\t\t<div class=\"elementor-column elementor-col-50 elementor-top-column elementor-element elementor-element-8456298 elementor-invisible\" data-id=\"8456298\" data-element_type=\"column\" data-e-type=\"column\" data-settings=\"{&quot;background_background&quot;:&quot;classic&quot;,&quot;animation&quot;:&quot;fadeInUp&quot;}\">\n\t\t\t<div class=\"elementor-widget-wrap elementor-element-populated\">\n\t\t\t\t\t\t<div class=\"elementor-element elementor-element-371cec5 elementor-widget elementor-widget-image\" data-id=\"371cec5\" data-element_type=\"widget\" data-e-type=\"widget\" data-widget_type=\"image.default\">\n\t\t\t\t<div class=\"elementor-widget-container\">\n\t\t\t\t\t\t\t\t\t\t\t\t\t\t\t<img fetchpriority=\"high\" decoding=\"async\" width=\"682\" height=\"682\" src=\"https:\/\/simedpr.com\/wp-content\/uploads\/2024\/01\/ambulance1.svg\" class=\"attachment-full size-full wp-image-459\" alt=\"\" \/>\t\t\t\t\t\t\t\t\t\t\t\t\t\t\t<\/div>\n\t\t\t\t<\/div>\n\t\t\t\t<div class=\"elementor-element elementor-element-c3a3908 elementor-widget elementor-widget-heading\" data-id=\"c3a3908\" data-element_type=\"widget\" data-e-type=\"widget\" data-widget_type=\"heading.default\">\n\t\t\t\t<div class=\"elementor-widget-container\">\n\t\t\t\t\t<p class=\"elementor-heading-title elementor-size-default\">F\u00e1cil acceso en l\u00ednea a recursos y conocimiento de Medicina de Emergencia. <br>Disponible para clientes de SIMED.<\/p>\t\t\t\t<\/div>\n\t\t\t\t<\/div>\n\t\t\t\t<div class=\"elementor-element elementor-element-a62b268 elementor-align-center elementor-widget elementor-widget-button\" data-id=\"a62b268\" data-element_type=\"widget\" data-e-type=\"widget\" data-widget_type=\"button.default\">\n\t\t\t\t<div class=\"elementor-widget-container\">\n\t\t\t\t\t\t\t\t\t<div class=\"elementor-button-wrapper\">\n\t\t\t\t\t<a class=\"elementor-button elementor-button-link elementor-size-xl\" href=\"https:\/\/accessemergencymedicine.mhmedical.com\/\">\n\t\t\t\t\t\t<span class=\"elementor-button-content-wrapper\">\n\t\t\t\t\t\t\t\t\t<span class=\"elementor-button-text\">Access Emergency Medicine<\/span>\n\t\t\t\t\t<\/span>\n\t\t\t\t\t<\/a>\n\t\t\t\t<\/div>\n\t\t\t\t\t\t\t\t<\/div>\n\t\t\t\t<\/div>\n\t\t\t\t\t<\/div>\n\t\t<\/div>\n\t\t\t\t<div class=\"elementor-column elementor-col-50 elementor-top-column elementor-element elementor-element-b8947ad elementor-invisible\" data-id=\"b8947ad\" data-element_type=\"column\" data-e-type=\"column\" data-settings=\"{&quot;background_background&quot;:&quot;classic&quot;,&quot;animation&quot;:&quot;fadeInUp&quot;,&quot;animation_delay&quot;:300}\">\n\t\t\t<div class=\"elementor-widget-wrap elementor-element-populated\">\n\t\t\t\t\t\t<div class=\"elementor-element elementor-element-80e719d elementor-widget elementor-widget-image\" data-id=\"80e719d\" data-element_type=\"widget\" data-e-type=\"widget\" data-widget_type=\"image.default\">\n\t\t\t\t<div class=\"elementor-widget-container\">\n\t\t\t\t\t\t\t\t\t\t\t\t\t\t\t<img decoding=\"async\" width=\"682\" height=\"682\" src=\"https:\/\/simedpr.com\/wp-content\/uploads\/2024\/01\/newspaper-1.svg\" class=\"attachment-full size-full wp-image-458\" alt=\"\" \/>\t\t\t\t\t\t\t\t\t\t\t\t\t\t\t<\/div>\n\t\t\t\t<\/div>\n\t\t\t\t<div class=\"elementor-element elementor-element-f0020c6 elementor-widget elementor-widget-heading\" data-id=\"f0020c6\" data-element_type=\"widget\" data-e-type=\"widget\" data-widget_type=\"heading.default\">\n\t\t\t\t<div class=\"elementor-widget-container\">\n\t\t\t\t\t<p class=\"elementor-heading-title elementor-size-default\">Publicaci\u00f3n de nuestros <i>partners<\/i> de Candello enfocada en temas de riesgos cl\u00ednicos.  Provee data comparativa, estudios de caso y recomendaciones de prevenci\u00f3n. <\/p>\t\t\t\t<\/div>\n\t\t\t\t<\/div>\n\t\t\t\t<div class=\"elementor-element elementor-element-52542ad elementor-align-center elementor-widget elementor-widget-button\" data-id=\"52542ad\" data-element_type=\"widget\" data-e-type=\"widget\" data-widget_type=\"button.default\">\n\t\t\t\t<div class=\"elementor-widget-container\">\n\t\t\t\t\t\t\t\t\t<div class=\"elementor-button-wrapper\">\n\t\t\t\t\t<a class=\"elementor-button elementor-button-link elementor-size-xl\" href=\"https:\/\/simedpr.com\/simed-university-news\/\">\n\t\t\t\t\t\t<span class=\"elementor-button-content-wrapper\">\n\t\t\t\t\t\t\t\t\t<span class=\"elementor-button-text\">SIMED University News<\/span>\n\t\t\t\t\t<\/span>\n\t\t\t\t\t<\/a>\n\t\t\t\t<\/div>\n\t\t\t\t\t\t\t\t<\/div>\n\t\t\t\t<\/div>\n\t\t\t\t\t<\/div>\n\t\t<\/div>\n\t\t\t\t\t<\/div>\n\t\t<\/section>\n\t\t\t\t<\/div>\n\t\t","protected":false},"excerpt":{"rendered":"<p>Recursos SIMED U Mantente informado con exclusivos materiales educativos: estudios de caso, \u201cbenchmarking studies\u201d, incidencia de reclamaciones por especialidad, factores contribuyentes m\u00e1s comunes, \u00e1reas de vulnerabilidad y muchos otros. F\u00e1cil acceso en l\u00ednea a recursos y conocimiento de Medicina de Emergencia. Disponible para clientes de SIMED. Access Emergency Medicine Publicaci\u00f3n de nuestros partners de Candello [&hellip;]<\/p>\n","protected":false},"author":2,"featured_media":0,"parent":0,"menu_order":0,"comment_status":"closed","ping_status":"closed","template":"elementor_header_footer","meta":{"site-sidebar-layout":"no-sidebar","site-content-layout":"page-builder","ast-site-content-layout":"full-width-container","site-content-style":"default","site-sidebar-style":"default","ast-global-header-display":"","ast-banner-title-visibility":"","ast-main-header-display":"","ast-hfb-above-header-display":"","ast-hfb-below-header-display":"","ast-hfb-mobile-header-display":"","site-post-title":"disabled","ast-breadcrumbs-content":"","ast-featured-img":"disabled","footer-sml-layout":"","theme-transparent-header-meta":"","adv-header-id-meta":"","stick-header-meta":"","header-above-stick-meta":"","header-main-stick-meta":"","header-below-stick-meta":"","astra-migrate-meta-layouts":"set","ast-page-background-enabled":"default","ast-page-background-meta":{"desktop":{"background-color":"var(--ast-global-color-4)","background-image":"","background-repeat":"repeat","background-position":"center center","background-size":"auto","background-attachment":"scroll","background-type":"","background-media":"","overlay-type":"","overlay-color":"","overlay-opacity":"","overlay-gradient":""},"tablet":{"background-color":"","background-image":"","background-repeat":"repeat","background-position":"center center","background-size":"auto","background-attachment":"scroll","background-type":"","background-media":"","overlay-type":"","overlay-color":"","overlay-opacity":"","overlay-gradient":""},"mobile":{"background-color":"","background-image":"","background-repeat":"repeat","background-position":"center center","background-size":"auto","background-attachment":"scroll","background-type":"","background-media":"","overlay-type":"","overlay-color":"","overlay-opacity":"","overlay-gradient":""}},"ast-content-background-meta":{"desktop":{"background-color":"var(--ast-global-color-5)","background-image":"","background-repeat":"repeat","background-position":"center center","background-size":"auto","background-attachment":"scroll","background-type":"","background-media":"","overlay-type":"","overlay-color":"","overlay-opacity":"","overlay-gradient":""},"tablet":{"background-color":"var(--ast-global-color-5)","background-image":"","background-repeat":"repeat","background-position":"center center","background-size":"auto","background-attachment":"scroll","background-type":"","background-media":"","overlay-type":"","overlay-color":"","overlay-opacity":"","overlay-gradient":""},"mobile":{"background-color":"var(--ast-global-color-5)","background-image":"","background-repeat":"repeat","background-position":"center center","background-size":"auto","background-attachment":"scroll","background-type":"","background-media":"","overlay-type":"","overlay-color":"","overlay-opacity":"","overlay-gradient":""}},"footnotes":""},"class_list":["post-455","page","type-page","status-publish","hentry"],"yoast_head":"<!-- This site is optimized with the Yoast SEO plugin v27.4 - https:\/\/yoast.com\/product\/yoast-seo-wordpress\/ -->\n<title>Recursos SIMED U - SIMED<\/title>\n<meta name=\"robots\" content=\"index, follow, max-snippet:-1, max-image-preview:large, max-video-preview:-1\" \/>\n<link rel=\"canonical\" href=\"https:\/\/simedpr.com\/en\/recursos-simedu\/\" \/>\n<meta property=\"og:locale\" content=\"en_US\" \/>\n<meta property=\"og:type\" content=\"article\" \/>\n<meta property=\"og:title\" content=\"Recursos SIMED U - SIMED\" \/>\n<meta property=\"og:description\" content=\"Recursos SIMED U Mantente informado con exclusivos materiales educativos: estudios de caso, \u201cbenchmarking studies\u201d, incidencia de reclamaciones por especialidad, factores contribuyentes m\u00e1s comunes, \u00e1reas de vulnerabilidad y muchos otros. F\u00e1cil acceso en l\u00ednea a recursos y conocimiento de Medicina de Emergencia. Disponible para clientes de SIMED. Access Emergency Medicine Publicaci\u00f3n de nuestros partners de Candello [&hellip;]\" \/>\n<meta property=\"og:url\" content=\"https:\/\/simedpr.com\/en\/recursos-simedu\/\" \/>\n<meta property=\"og:site_name\" content=\"SIMED\" \/>\n<meta property=\"article:publisher\" content=\"https:\/\/www.facebook.com\/SIMEDPR\" \/>\n<meta property=\"article:modified_time\" content=\"2024-01-29T19:50:25+00:00\" \/>\n<meta property=\"og:image\" content=\"https:\/\/simedpr.com\/wp-content\/uploads\/2024\/01\/ambulance1.svg\" \/>\n<meta name=\"twitter:card\" content=\"summary_large_image\" \/>\n<meta name=\"twitter:label1\" content=\"Est. reading time\" \/>\n\t<meta name=\"twitter:data1\" content=\"1 minute\" \/>\n<script type=\"application\/ld+json\" class=\"yoast-schema-graph\">{\"@context\":\"https:\\\/\\\/schema.org\",\"@graph\":[{\"@type\":\"WebPage\",\"@id\":\"https:\\\/\\\/simedpr.com\\\/recursos-simedu\\\/\",\"url\":\"https:\\\/\\\/simedpr.com\\\/recursos-simedu\\\/\",\"name\":\"Recursos SIMED U - SIMED\",\"isPartOf\":{\"@id\":\"https:\\\/\\\/simedpr.com\\\/#website\"},\"primaryImageOfPage\":{\"@id\":\"https:\\\/\\\/simedpr.com\\\/recursos-simedu\\\/#primaryimage\"},\"image\":{\"@id\":\"https:\\\/\\\/simedpr.com\\\/recursos-simedu\\\/#primaryimage\"},\"thumbnailUrl\":\"https:\\\/\\\/simedpr.com\\\/wp-content\\\/uploads\\\/2024\\\/01\\\/ambulance1.svg\",\"datePublished\":\"2024-01-19T13:59:13+00:00\",\"dateModified\":\"2024-01-29T19:50:25+00:00\",\"breadcrumb\":{\"@id\":\"https:\\\/\\\/simedpr.com\\\/recursos-simedu\\\/#breadcrumb\"},\"inLanguage\":\"en-US\",\"potentialAction\":[{\"@type\":\"ReadAction\",\"target\":[\"https:\\\/\\\/simedpr.com\\\/recursos-simedu\\\/\"]}]},{\"@type\":\"ImageObject\",\"inLanguage\":\"en-US\",\"@id\":\"https:\\\/\\\/simedpr.com\\\/recursos-simedu\\\/#primaryimage\",\"url\":\"https:\\\/\\\/simedpr.com\\\/wp-content\\\/uploads\\\/2024\\\/01\\\/ambulance1.svg\",\"contentUrl\":\"https:\\\/\\\/simedpr.com\\\/wp-content\\\/uploads\\\/2024\\\/01\\\/ambulance1.svg\"},{\"@type\":\"BreadcrumbList\",\"@id\":\"https:\\\/\\\/simedpr.com\\\/recursos-simedu\\\/#breadcrumb\",\"itemListElement\":[{\"@type\":\"ListItem\",\"position\":1,\"name\":\"Home\",\"item\":\"https:\\\/\\\/simedpr.com\\\/\"},{\"@type\":\"ListItem\",\"position\":2,\"name\":\"Recursos SIMED U\"}]},{\"@type\":\"WebSite\",\"@id\":\"https:\\\/\\\/simedpr.com\\\/#website\",\"url\":\"https:\\\/\\\/simedpr.com\\\/\",\"name\":\"SIMED\",\"description\":\"Protegemos las carreras de quienes cuidan de nuestra salud.\",\"publisher\":{\"@id\":\"https:\\\/\\\/simedpr.com\\\/#organization\"},\"potentialAction\":[{\"@type\":\"SearchAction\",\"target\":{\"@type\":\"EntryPoint\",\"urlTemplate\":\"https:\\\/\\\/simedpr.com\\\/?s={search_term_string}\"},\"query-input\":{\"@type\":\"PropertyValueSpecification\",\"valueRequired\":true,\"valueName\":\"search_term_string\"}}],\"inLanguage\":\"en-US\"},{\"@type\":\"Organization\",\"@id\":\"https:\\\/\\\/simedpr.com\\\/#organization\",\"name\":\"SIMED\",\"url\":\"https:\\\/\\\/simedpr.com\\\/\",\"logo\":{\"@type\":\"ImageObject\",\"inLanguage\":\"en-US\",\"@id\":\"https:\\\/\\\/simedpr.com\\\/#\\\/schema\\\/logo\\\/image\\\/\",\"url\":\"https:\\\/\\\/simedpr.com\\\/wp-content\\\/uploads\\\/2022\\\/11\\\/simed-40-gradient.svg\",\"contentUrl\":\"https:\\\/\\\/simedpr.com\\\/wp-content\\\/uploads\\\/2022\\\/11\\\/simed-40-gradient.svg\",\"width\":434,\"height\":160,\"caption\":\"SIMED\"},\"image\":{\"@id\":\"https:\\\/\\\/simedpr.com\\\/#\\\/schema\\\/logo\\\/image\\\/\"},\"sameAs\":[\"https:\\\/\\\/www.facebook.com\\\/SIMEDPR\",\"https:\\\/\\\/www.instagram.com\\\/simedpr\\\/?hl=en\",\"https:\\\/\\\/www.youtube.com\\\/@simedpuertorico349\"]}]}<\/script>\n<!-- \/ Yoast SEO plugin. -->","yoast_head_json":{"title":"Recursos SIMED U - SIMED","robots":{"index":"index","follow":"follow","max-snippet":"max-snippet:-1","max-image-preview":"max-image-preview:large","max-video-preview":"max-video-preview:-1"},"canonical":"https:\/\/simedpr.com\/en\/recursos-simedu\/","og_locale":"en_US","og_type":"article","og_title":"Recursos SIMED U - SIMED","og_description":"Recursos SIMED U Mantente informado con exclusivos materiales educativos: estudios de caso, \u201cbenchmarking studies\u201d, incidencia de reclamaciones por especialidad, factores contribuyentes m\u00e1s comunes, \u00e1reas de vulnerabilidad y muchos otros. F\u00e1cil acceso en l\u00ednea a recursos y conocimiento de Medicina de Emergencia. Disponible para clientes de SIMED. Access Emergency Medicine Publicaci\u00f3n de nuestros partners de Candello [&hellip;]","og_url":"https:\/\/simedpr.com\/en\/recursos-simedu\/","og_site_name":"SIMED","article_publisher":"https:\/\/www.facebook.com\/SIMEDPR","article_modified_time":"2024-01-29T19:50:25+00:00","og_image":[{"url":"https:\/\/simedpr.com\/wp-content\/uploads\/2024\/01\/ambulance1.svg","type":"","width":"","height":""}],"twitter_card":"summary_large_image","twitter_misc":{"Est. reading time":"1 minute"},"schema":{"@context":"https:\/\/schema.org","@graph":[{"@type":"WebPage","@id":"https:\/\/simedpr.com\/recursos-simedu\/","url":"https:\/\/simedpr.com\/recursos-simedu\/","name":"Recursos SIMED U - SIMED","isPartOf":{"@id":"https:\/\/simedpr.com\/#website"},"primaryImageOfPage":{"@id":"https:\/\/simedpr.com\/recursos-simedu\/#primaryimage"},"image":{"@id":"https:\/\/simedpr.com\/recursos-simedu\/#primaryimage"},"thumbnailUrl":"https:\/\/simedpr.com\/wp-content\/uploads\/2024\/01\/ambulance1.svg","datePublished":"2024-01-19T13:59:13+00:00","dateModified":"2024-01-29T19:50:25+00:00","breadcrumb":{"@id":"https:\/\/simedpr.com\/recursos-simedu\/#breadcrumb"},"inLanguage":"en-US","potentialAction":[{"@type":"ReadAction","target":["https:\/\/simedpr.com\/recursos-simedu\/"]}]},{"@type":"ImageObject","inLanguage":"en-US","@id":"https:\/\/simedpr.com\/recursos-simedu\/#primaryimage","url":"https:\/\/simedpr.com\/wp-content\/uploads\/2024\/01\/ambulance1.svg","contentUrl":"https:\/\/simedpr.com\/wp-content\/uploads\/2024\/01\/ambulance1.svg"},{"@type":"BreadcrumbList","@id":"https:\/\/simedpr.com\/recursos-simedu\/#breadcrumb","itemListElement":[{"@type":"ListItem","position":1,"name":"Home","item":"https:\/\/simedpr.com\/"},{"@type":"ListItem","position":2,"name":"Recursos SIMED U"}]},{"@type":"WebSite","@id":"https:\/\/simedpr.com\/#website","url":"https:\/\/simedpr.com\/","name":"SIMED","description":"We protect the careers of those who care for our health.","publisher":{"@id":"https:\/\/simedpr.com\/#organization"},"potentialAction":[{"@type":"SearchAction","target":{"@type":"EntryPoint","urlTemplate":"https:\/\/simedpr.com\/?s={search_term_string}"},"query-input":{"@type":"PropertyValueSpecification","valueRequired":true,"valueName":"search_term_string"}}],"inLanguage":"en-US"},{"@type":"Organization","@id":"https:\/\/simedpr.com\/#organization","name":"SIMED","url":"https:\/\/simedpr.com\/","logo":{"@type":"ImageObject","inLanguage":"en-US","@id":"https:\/\/simedpr.com\/#\/schema\/logo\/image\/","url":"https:\/\/simedpr.com\/wp-content\/uploads\/2022\/11\/simed-40-gradient.svg","contentUrl":"https:\/\/simedpr.com\/wp-content\/uploads\/2022\/11\/simed-40-gradient.svg","width":434,"height":160,"caption":"SIMED"},"image":{"@id":"https:\/\/simedpr.com\/#\/schema\/logo\/image\/"},"sameAs":["https:\/\/www.facebook.com\/SIMEDPR","https:\/\/www.instagram.com\/simedpr\/?hl=en","https:\/\/www.youtube.com\/@simedpuertorico349"]}]}},"_links":{"self":[{"href":"https:\/\/simedpr.com\/en\/wp-json\/wp\/v2\/pages\/455","targetHints":{"allow":["GET"]}}],"collection":[{"href":"https:\/\/simedpr.com\/en\/wp-json\/wp\/v2\/pages"}],"about":[{"href":"https:\/\/simedpr.com\/en\/wp-json\/wp\/v2\/types\/page"}],"author":[{"embeddable":true,"href":"https:\/\/simedpr.com\/en\/wp-json\/wp\/v2\/users\/2"}],"replies":[{"embeddable":true,"href":"https:\/\/simedpr.com\/en\/wp-json\/wp\/v2\/comments?post=455"}],"version-history":[{"count":0,"href":"https:\/\/simedpr.com\/en\/wp-json\/wp\/v2\/pages\/455\/revisions"}],"wp:attachment":[{"href":"https:\/\/simedpr.com\/en\/wp-json\/wp\/v2\/media?parent=455"}],"curies":[{"name":"wp","href":"https:\/\/api.w.org\/{rel}","templated":true}]}}