{"id":52,"date":"2022-11-18T20:49:21","date_gmt":"2022-11-18T20:49:21","guid":{"rendered":"https:\/\/simed.wpengine.com\/?page_id=52"},"modified":"2024-05-31T17:57:13","modified_gmt":"2024-05-31T17:57:13","slug":"sobre-simed","status":"publish","type":"page","link":"https:\/\/simedpr.com\/en\/sobre-simed\/","title":{"rendered":"About SIMED"},"content":{"rendered":"\t\t<div data-elementor-type=\"wp-page\" data-elementor-id=\"52\" class=\"elementor elementor-52\" data-elementor-post-type=\"page\">\n\t\t\t\t\t\t<section class=\"elementor-section elementor-top-section elementor-element elementor-element-c7537d4 elementor-section-height-min-height elementor-section-boxed elementor-section-height-default elementor-section-items-middle\" data-id=\"c7537d4\" data-element_type=\"section\" data-e-type=\"section\" data-settings=\"{&quot;background_background&quot;:&quot;classic&quot;,&quot;shape_divider_bottom&quot;:&quot;curve-asymmetrical&quot;,&quot;shape_divider_bottom_negative&quot;:&quot;yes&quot;,&quot;background_motion_fx_motion_fx_scrolling&quot;:&quot;yes&quot;,&quot;background_motion_fx_scale_effect&quot;:&quot;yes&quot;,&quot;background_motion_fx_scale_direction&quot;:&quot;out-in&quot;,&quot;background_motion_fx_scale_speed&quot;:{&quot;unit&quot;:&quot;px&quot;,&quot;size&quot;:4,&quot;sizes&quot;:[]},&quot;background_motion_fx_scale_range&quot;:{&quot;unit&quot;:&quot;%&quot;,&quot;size&quot;:&quot;&quot;,&quot;sizes&quot;:{&quot;start&quot;:20,&quot;end&quot;:80}},&quot;background_motion_fx_devices&quot;:[&quot;desktop&quot;,&quot;tablet&quot;,&quot;mobile&quot;]}\">\n\t\t\t\t\t\t\t<div class=\"elementor-background-overlay\"><\/div>\n\t\t\t\t\t\t<div class=\"elementor-shape elementor-shape-bottom\" aria-hidden=\"true\" data-negative=\"true\">\n\t\t\t<svg xmlns=\"http:\/\/www.w3.org\/2000\/svg\" viewBox=\"0 0 1000 100\" preserveAspectRatio=\"none\">\n\t<path class=\"elementor-shape-fill\" d=\"M615.2,96.7C240.2,97.8,0,18.9,0,0v100h1000V0C1000,19.2,989.8,96,615.2,96.7z\"\/>\n<\/svg>\t\t<\/div>\n\t\t\t\t\t<div class=\"elementor-container elementor-column-gap-default\">\n\t\t\t\t\t<div class=\"elementor-column elementor-col-100 elementor-top-column elementor-element elementor-element-1afcfa8\" data-id=\"1afcfa8\" data-element_type=\"column\" data-e-type=\"column\">\n\t\t\t<div class=\"elementor-widget-wrap elementor-element-populated\">\n\t\t\t\t\t\t<div class=\"elementor-element elementor-element-332b960 elementor-invisible elementor-widget elementor-widget-heading\" data-id=\"332b960\" data-element_type=\"widget\" data-e-type=\"widget\" data-settings=\"{&quot;_animation&quot;:&quot;fadeInUp&quot;}\" data-widget_type=\"heading.default\">\n\t\t\t\t<div class=\"elementor-widget-container\">\n\t\t\t\t\t<p class=\"elementor-heading-title elementor-size-default\">\u00bfPor qu\u00e9 SIMED?<\/p>\t\t\t\t<\/div>\n\t\t\t\t<\/div>\n\t\t\t\t\t<\/div>\n\t\t<\/div>\n\t\t\t\t\t<\/div>\n\t\t<\/section>\n\t\t\t\t<section class=\"elementor-section elementor-top-section elementor-element elementor-element-d28262c elementor-section-boxed elementor-section-height-default elementor-section-height-default\" data-id=\"d28262c\" data-element_type=\"section\" data-e-type=\"section\">\n\t\t\t\t\t\t<div class=\"elementor-container elementor-column-gap-default\">\n\t\t\t\t\t<div class=\"elementor-column elementor-col-100 elementor-top-column elementor-element elementor-element-87f51d7\" data-id=\"87f51d7\" data-element_type=\"column\" data-e-type=\"column\">\n\t\t\t<div class=\"elementor-widget-wrap elementor-element-populated\">\n\t\t\t\t\t\t<div class=\"elementor-element elementor-element-7f1e174 elementor-invisible elementor-widget elementor-widget-heading\" data-id=\"7f1e174\" data-element_type=\"widget\" data-e-type=\"widget\" data-settings=\"{&quot;_animation&quot;:&quot;fadeInUp&quot;,&quot;_animation_delay&quot;:200}\" data-widget_type=\"heading.default\">\n\t\t\t\t<div class=\"elementor-widget-container\">\n\t\t\t\t\t<h1 class=\"elementor-heading-title elementor-size-default\">L\u00cdDER EN SEGUROS DE IMPERICIA M\u00c9DICA<\/h1>\t\t\t\t<\/div>\n\t\t\t\t<\/div>\n\t\t\t\t<div class=\"elementor-element elementor-element-77cb5da elementor-invisible elementor-widget elementor-widget-image\" data-id=\"77cb5da\" data-element_type=\"widget\" data-e-type=\"widget\" data-settings=\"{&quot;_animation&quot;:&quot;fadeInUp&quot;}\" data-widget_type=\"image.default\">\n\t\t\t\t<div class=\"elementor-widget-container\">\n\t\t\t\t\t\t\t\t\t\t\t\t\t\t\t<img decoding=\"async\" src=\"https:\/\/simedpr.com\/wp-content\/uploads\/2022\/11\/gradient-divider.svg\" class=\"attachment-full size-full wp-image-27\" alt=\"\" \/>\t\t\t\t\t\t\t\t\t\t\t\t\t\t\t<\/div>\n\t\t\t\t<\/div>\n\t\t\t\t\t<\/div>\n\t\t<\/div>\n\t\t\t\t\t<\/div>\n\t\t<\/section>\n\t\t\t\t<section class=\"elementor-section elementor-top-section elementor-element elementor-element-0df1f24 elementor-reverse-mobile elementor-reverse-tablet elementor-section-boxed elementor-section-height-default elementor-section-height-default\" data-id=\"0df1f24\" data-element_type=\"section\" data-e-type=\"section\">\n\t\t\t\t\t\t<div class=\"elementor-container elementor-column-gap-custom\">\n\t\t\t\t\t<div class=\"elementor-column elementor-col-50 elementor-top-column elementor-element elementor-element-af2ab29\" data-id=\"af2ab29\" data-element_type=\"column\" data-e-type=\"column\">\n\t\t\t<div class=\"elementor-widget-wrap elementor-element-populated\">\n\t\t\t\t\t\t<div class=\"elementor-element elementor-element-33eb707 elementor-invisible elementor-widget elementor-widget-text-editor\" data-id=\"33eb707\" data-element_type=\"widget\" data-e-type=\"widget\" data-settings=\"{&quot;_animation&quot;:&quot;fadeInUp&quot;,&quot;_animation_delay&quot;:400}\" data-widget_type=\"text-editor.default\">\n\t\t\t\t<div class=\"elementor-widget-container\">\n\t\t\t\t\t\t\t\t\t<p>Desde 1986, SIMED ha caminado junto a la clase m\u00e9dica de Puerto Rico ofreci\u00e9ndole protecci\u00f3n y garantizando la disponibilidad del seguro de responsabilidad profesional a todos los m\u00e9dicos en la isla. Con sus p\u00f3lizas Primaria y de Exceso tipo \u201cClaims Made\u201d, SIMED asegura a m\u00e9dicos, dentistas, podiatras, doctores en Naturopat\u00eda y Natur\u00f3patas. El equipo de profesionales de SIMED cuenta con la mayor experiencia en impericia m\u00e9dica en Puerto Rico y est\u00e1 siempre cerca y comprometido con brindar el servicio, conocimiento y apoyo que necesita cada cliente.<\/p><p>En el 2016, SIMED comenz\u00f3 una gran transformaci\u00f3n acerc\u00e1ndose m\u00e1s a sus asegurados y cre\u00f3 una alianza estrat\u00e9gica con The Risk Management Foundation of the Harvard Medical Institutions \/ Candello, comunidad dedicada a aprender de las reclamaciones de impericia m\u00e9dica y compartir metodolog\u00edas, extensa data, investigaci\u00f3n y estrategias. Convencidos de que el conocimiento y la educaci\u00f3n son claves para la prevenci\u00f3n, SIMED ha desarrollado diversas plataformas para colaborar con la comunidad m\u00e9dica de Puerto Rico en sus estrategias de mitigaci\u00f3n de riesgos y seguridad del paciente.<\/p><p>Evolucionando con la comunidad m\u00e9dica de Puerto Rico, SIMED reafirma su compromiso con cuidar la salud de las carreras de sus asegurados, en todas sus etapas.<\/p>\t\t\t\t\t\t\t\t<\/div>\n\t\t\t\t<\/div>\n\t\t\t\t\t<\/div>\n\t\t<\/div>\n\t\t\t\t<div class=\"elementor-column elementor-col-50 elementor-top-column elementor-element elementor-element-6db2964\" data-id=\"6db2964\" data-element_type=\"column\" data-e-type=\"column\">\n\t\t\t<div class=\"elementor-widget-wrap elementor-element-populated\">\n\t\t\t\t\t\t<div class=\"elementor-element elementor-element-2178f2f animated-slow elementor-invisible elementor-widget elementor-widget-image\" data-id=\"2178f2f\" data-element_type=\"widget\" data-e-type=\"widget\" data-settings=\"{&quot;motion_fx_motion_fx_scrolling&quot;:&quot;yes&quot;,&quot;motion_fx_translateY_effect&quot;:&quot;yes&quot;,&quot;motion_fx_translateY_speed&quot;:{&quot;unit&quot;:&quot;px&quot;,&quot;size&quot;:2,&quot;sizes&quot;:[]},&quot;_animation&quot;:&quot;fadeInRight&quot;,&quot;motion_fx_translateY_affectedRange&quot;:{&quot;unit&quot;:&quot;%&quot;,&quot;size&quot;:&quot;&quot;,&quot;sizes&quot;:{&quot;start&quot;:0,&quot;end&quot;:100}},&quot;motion_fx_devices&quot;:[&quot;desktop&quot;,&quot;tablet&quot;,&quot;mobile&quot;]}\" data-widget_type=\"image.default\">\n\t\t\t\t<div class=\"elementor-widget-container\">\n\t\t\t\t\t\t\t\t\t\t\t\t\t\t\t<img decoding=\"async\" src=\"https:\/\/simedpr.com\/wp-content\/uploads\/2022\/11\/Doctors-Illustration.svg\" class=\"attachment-full size-full wp-image-54\" alt=\"Doctors Illustration\" \/>\t\t\t\t\t\t\t\t\t\t\t\t\t\t\t<\/div>\n\t\t\t\t<\/div>\n\t\t\t\t<div class=\"elementor-element elementor-element-f999e9e animated-slow elementor-invisible elementor-widget elementor-widget-image\" data-id=\"f999e9e\" data-element_type=\"widget\" data-e-type=\"widget\" data-settings=\"{&quot;motion_fx_motion_fx_scrolling&quot;:&quot;yes&quot;,&quot;motion_fx_translateY_effect&quot;:&quot;yes&quot;,&quot;motion_fx_translateY_speed&quot;:{&quot;unit&quot;:&quot;px&quot;,&quot;size&quot;:2,&quot;sizes&quot;:[]},&quot;_animation&quot;:&quot;fadeInRight&quot;,&quot;motion_fx_translateY_affectedRange&quot;:{&quot;unit&quot;:&quot;%&quot;,&quot;size&quot;:&quot;&quot;,&quot;sizes&quot;:{&quot;start&quot;:0,&quot;end&quot;:100}},&quot;motion_fx_devices&quot;:[&quot;desktop&quot;,&quot;tablet&quot;,&quot;mobile&quot;]}\" data-widget_type=\"image.default\">\n\t\t\t\t<div class=\"elementor-widget-container\">\n\t\t\t\t\t\t\t\t\t\t\t\t\t\t\t<img fetchpriority=\"high\" decoding=\"async\" width=\"785\" height=\"546\" src=\"https:\/\/simedpr.com\/wp-content\/uploads\/2023\/07\/map-new.png\" class=\"attachment-full size-full wp-image-353\" alt=\"\" srcset=\"https:\/\/simedpr.com\/wp-content\/uploads\/2023\/07\/map-new.png 785w, https:\/\/simedpr.com\/wp-content\/uploads\/2023\/07\/map-new-300x209.png 300w, https:\/\/simedpr.com\/wp-content\/uploads\/2023\/07\/map-new-768x534.png 768w\" sizes=\"(max-width: 785px) 100vw, 785px\" \/>\t\t\t\t\t\t\t\t\t\t\t\t\t\t\t<\/div>\n\t\t\t\t<\/div>\n\t\t\t\t\t<\/div>\n\t\t<\/div>\n\t\t\t\t\t<\/div>\n\t\t<\/section>\n\t\t\t\t<section class=\"elementor-section elementor-top-section elementor-element elementor-element-9b7a122 elementor-section-height-min-height elementor-section-boxed elementor-section-height-default elementor-section-items-middle\" data-id=\"9b7a122\" data-element_type=\"section\" data-e-type=\"section\" data-settings=\"{&quot;background_background&quot;:&quot;classic&quot;,&quot;shape_divider_top&quot;:&quot;curve-asymmetrical&quot;,&quot;shape_divider_top_negative&quot;:&quot;yes&quot;}\">\n\t\t\t\t\t<div class=\"elementor-shape elementor-shape-top\" aria-hidden=\"true\" data-negative=\"true\">\n\t\t\t<svg xmlns=\"http:\/\/www.w3.org\/2000\/svg\" viewBox=\"0 0 1000 100\" preserveAspectRatio=\"none\">\n\t<path class=\"elementor-shape-fill\" d=\"M615.2,96.7C240.2,97.8,0,18.9,0,0v100h1000V0C1000,19.2,989.8,96,615.2,96.7z\"\/>\n<\/svg>\t\t<\/div>\n\t\t\t\t\t<div class=\"elementor-container elementor-column-gap-wider\">\n\t\t\t\t\t<div class=\"elementor-column elementor-col-50 elementor-top-column elementor-element elementor-element-1d4adfa\" data-id=\"1d4adfa\" data-element_type=\"column\" data-e-type=\"column\">\n\t\t\t<div class=\"elementor-widget-wrap elementor-element-populated\">\n\t\t\t\t\t\t<div class=\"elementor-element elementor-element-c135443 elementor-invisible elementor-widget elementor-widget-video\" data-id=\"c135443\" data-element_type=\"widget\" data-e-type=\"widget\" data-settings=\"{&quot;youtube_url&quot;:&quot;https:\\\/\\\/youtu.be\\\/PfxRxh82p0Q&quot;,&quot;_animation&quot;:&quot;fadeIn&quot;,&quot;video_type&quot;:&quot;youtube&quot;,&quot;controls&quot;:&quot;yes&quot;}\" data-widget_type=\"video.default\">\n\t\t\t\t<div class=\"elementor-widget-container\">\n\t\t\t\t\t\t\t<div class=\"elementor-wrapper elementor-open-inline\">\n\t\t\t<div class=\"elementor-video\"><\/div>\t\t<\/div>\n\t\t\t\t\t\t<\/div>\n\t\t\t\t<\/div>\n\t\t\t\t\t<\/div>\n\t\t<\/div>\n\t\t\t\t<div class=\"elementor-column elementor-col-50 elementor-top-column elementor-element elementor-element-7eff089\" data-id=\"7eff089\" data-element_type=\"column\" data-e-type=\"column\">\n\t\t\t<div class=\"elementor-widget-wrap elementor-element-populated\">\n\t\t\t\t\t\t<div class=\"elementor-element elementor-element-f8a1a52 elementor-invisible elementor-widget elementor-widget-image\" data-id=\"f8a1a52\" data-element_type=\"widget\" data-e-type=\"widget\" data-settings=\"{&quot;_animation&quot;:&quot;fadeInUp&quot;}\" data-widget_type=\"image.default\">\n\t\t\t\t<div class=\"elementor-widget-container\">\n\t\t\t\t\t\t\t\t\t\t\t\t\t\t\t<img decoding=\"async\" src=\"https:\/\/simedpr.com\/wp-content\/uploads\/2022\/11\/gradient-divider.svg\" class=\"attachment-full size-full wp-image-27\" alt=\"\" \/>\t\t\t\t\t\t\t\t\t\t\t\t\t\t\t<\/div>\n\t\t\t\t<\/div>\n\t\t\t\t<div class=\"elementor-element elementor-element-432dc6b elementor-invisible elementor-widget elementor-widget-heading\" data-id=\"432dc6b\" data-element_type=\"widget\" data-e-type=\"widget\" data-settings=\"{&quot;_animation&quot;:&quot;fadeInUp&quot;,&quot;_animation_delay&quot;:200}\" data-widget_type=\"heading.default\">\n\t\t\t\t<div class=\"elementor-widget-container\">\n\t\t\t\t\t<h2 class=\"elementor-heading-title elementor-size-default\">Conoce todo lo que\nSIMED ofrece para cuidar la salud de tu carrera en todas sus etapas.<\/h2>\t\t\t\t<\/div>\n\t\t\t\t<\/div>\n\t\t\t\t\t<\/div>\n\t\t<\/div>\n\t\t\t\t\t<\/div>\n\t\t<\/section>\n\t\t\t\t<\/div>\n\t\t","protected":false},"excerpt":{"rendered":"<p>\u00bfPor qu\u00e9 SIMED? L\u00cdDER EN SEGUROS DE IMPERICIA M\u00c9DICA Desde 1986, SIMED ha caminado junto a la clase m\u00e9dica de Puerto Rico ofreci\u00e9ndole protecci\u00f3n y garantizando la disponibilidad del seguro de responsabilidad profesional a todos los m\u00e9dicos en la isla. Con sus p\u00f3lizas Primaria y de Exceso tipo \u201cClaims Made\u201d, SIMED asegura a m\u00e9dicos, dentistas, [&hellip;]<\/p>\n","protected":false},"author":2,"featured_media":0,"parent":0,"menu_order":0,"comment_status":"closed","ping_status":"closed","template":"elementor_header_footer","meta":{"site-sidebar-layout":"no-sidebar","site-content-layout":"page-builder","ast-site-content-layout":"full-width-container","site-content-style":"unboxed","site-sidebar-style":"unboxed","ast-global-header-display":"","ast-banner-title-visibility":"","ast-main-header-display":"","ast-hfb-above-header-display":"","ast-hfb-below-header-display":"","ast-hfb-mobile-header-display":"","site-post-title":"disabled","ast-breadcrumbs-content":"","ast-featured-img":"disabled","footer-sml-layout":"","theme-transparent-header-meta":"","adv-header-id-meta":"","stick-header-meta":"","header-above-stick-meta":"","header-main-stick-meta":"","header-below-stick-meta":"","astra-migrate-meta-layouts":"set","ast-page-background-enabled":"default","ast-page-background-meta":{"desktop":{"background-color":"var(--ast-global-color-4)","background-image":"","background-repeat":"repeat","background-position":"center center","background-size":"auto","background-attachment":"scroll","background-type":"","background-media":"","overlay-type":"","overlay-color":"","overlay-opacity":"","overlay-gradient":""},"tablet":{"background-color":"","background-image":"","background-repeat":"repeat","background-position":"center center","background-size":"auto","background-attachment":"scroll","background-type":"","background-media":"","overlay-type":"","overlay-color":"","overlay-opacity":"","overlay-gradient":""},"mobile":{"background-color":"","background-image":"","background-repeat":"repeat","background-position":"center center","background-size":"auto","background-attachment":"scroll","background-type":"","background-media":"","overlay-type":"","overlay-color":"","overlay-opacity":"","overlay-gradient":""}},"ast-content-background-meta":{"desktop":{"background-color":"var(--ast-global-color-5)","background-image":"","background-repeat":"repeat","background-position":"center center","background-size":"auto","background-attachment":"scroll","background-type":"","background-media":"","overlay-type":"","overlay-color":"","overlay-opacity":"","overlay-gradient":""},"tablet":{"background-color":"var(--ast-global-color-5)","background-image":"","background-repeat":"repeat","background-position":"center center","background-size":"auto","background-attachment":"scroll","background-type":"","background-media":"","overlay-type":"","overlay-color":"","overlay-opacity":"","overlay-gradient":""},"mobile":{"background-color":"var(--ast-global-color-5)","background-image":"","background-repeat":"repeat","background-position":"center center","background-size":"auto","background-attachment":"scroll","background-type":"","background-media":"","overlay-type":"","overlay-color":"","overlay-opacity":"","overlay-gradient":""}},"footnotes":""},"class_list":["post-52","page","type-page","status-publish","hentry"],"yoast_head":"<!-- This site is optimized with the Yoast SEO plugin v27.5 - https:\/\/yoast.com\/product\/yoast-seo-wordpress\/ -->\n<title>L\u00edderes en seguros de impericia m\u00e9dica - SIMED<\/title>\n<meta name=\"description\" content=\"En SIMED somos los l\u00edderes en seguros de impericia m\u00e9dica. Cuidando de la salud de tu Carrera en cada una de sus etapas.\" \/>\n<meta name=\"robots\" content=\"index, follow, max-snippet:-1, max-image-preview:large, max-video-preview:-1\" \/>\n<link rel=\"canonical\" href=\"https:\/\/simedpr.com\/en\/sobre-simed\/\" \/>\n<meta property=\"og:locale\" content=\"en_US\" \/>\n<meta property=\"og:type\" content=\"article\" \/>\n<meta property=\"og:title\" content=\"L\u00edderes en seguros de impericia m\u00e9dica - SIMED\" \/>\n<meta property=\"og:description\" content=\"En SIMED somos los l\u00edderes en seguros de impericia m\u00e9dica. Cuidando de la salud de tu Carrera en cada una de sus etapas.\" \/>\n<meta property=\"og:url\" content=\"https:\/\/simedpr.com\/en\/sobre-simed\/\" \/>\n<meta property=\"og:site_name\" content=\"SIMED\" \/>\n<meta property=\"article:publisher\" content=\"https:\/\/www.facebook.com\/SIMEDPR\" \/>\n<meta property=\"article:modified_time\" content=\"2024-05-31T17:57:13+00:00\" \/>\n<meta property=\"og:image\" content=\"https:\/\/simedpr.com\/wp-content\/uploads\/2022\/11\/gradient-divider.svg\" \/>\n<meta name=\"twitter:card\" content=\"summary_large_image\" \/>\n<meta name=\"twitter:label1\" content=\"Est. reading time\" \/>\n\t<meta name=\"twitter:data1\" content=\"2 minutes\" \/>\n<script type=\"application\/ld+json\" class=\"yoast-schema-graph\">{\"@context\":\"https:\\\/\\\/schema.org\",\"@graph\":[{\"@type\":\"WebPage\",\"@id\":\"https:\\\/\\\/simedpr.com\\\/sobre-simed\\\/\",\"url\":\"https:\\\/\\\/simedpr.com\\\/sobre-simed\\\/\",\"name\":\"L\u00edderes en seguros de impericia m\u00e9dica - SIMED\",\"isPartOf\":{\"@id\":\"https:\\\/\\\/simedpr.com\\\/#website\"},\"primaryImageOfPage\":{\"@id\":\"https:\\\/\\\/simedpr.com\\\/sobre-simed\\\/#primaryimage\"},\"image\":{\"@id\":\"https:\\\/\\\/simedpr.com\\\/sobre-simed\\\/#primaryimage\"},\"thumbnailUrl\":\"https:\\\/\\\/simedpr.com\\\/wp-content\\\/uploads\\\/2022\\\/11\\\/gradient-divider.svg\",\"datePublished\":\"2022-11-18T20:49:21+00:00\",\"dateModified\":\"2024-05-31T17:57:13+00:00\",\"description\":\"En SIMED somos los l\u00edderes en seguros de impericia m\u00e9dica. Cuidando de la salud de tu Carrera en cada una de sus etapas.\",\"breadcrumb\":{\"@id\":\"https:\\\/\\\/simedpr.com\\\/sobre-simed\\\/#breadcrumb\"},\"inLanguage\":\"en-US\",\"potentialAction\":[{\"@type\":\"ReadAction\",\"target\":[\"https:\\\/\\\/simedpr.com\\\/sobre-simed\\\/\"]}]},{\"@type\":\"ImageObject\",\"inLanguage\":\"en-US\",\"@id\":\"https:\\\/\\\/simedpr.com\\\/sobre-simed\\\/#primaryimage\",\"url\":\"https:\\\/\\\/simedpr.com\\\/wp-content\\\/uploads\\\/2022\\\/11\\\/gradient-divider.svg\",\"contentUrl\":\"https:\\\/\\\/simedpr.com\\\/wp-content\\\/uploads\\\/2022\\\/11\\\/gradient-divider.svg\"},{\"@type\":\"BreadcrumbList\",\"@id\":\"https:\\\/\\\/simedpr.com\\\/sobre-simed\\\/#breadcrumb\",\"itemListElement\":[{\"@type\":\"ListItem\",\"position\":1,\"name\":\"Home\",\"item\":\"https:\\\/\\\/simedpr.com\\\/\"},{\"@type\":\"ListItem\",\"position\":2,\"name\":\"Sobre SIMED\"}]},{\"@type\":\"WebSite\",\"@id\":\"https:\\\/\\\/simedpr.com\\\/#website\",\"url\":\"https:\\\/\\\/simedpr.com\\\/\",\"name\":\"SIMED\",\"description\":\"Protegemos las carreras de quienes cuidan de nuestra salud.\",\"publisher\":{\"@id\":\"https:\\\/\\\/simedpr.com\\\/#organization\"},\"potentialAction\":[{\"@type\":\"SearchAction\",\"target\":{\"@type\":\"EntryPoint\",\"urlTemplate\":\"https:\\\/\\\/simedpr.com\\\/?s={search_term_string}\"},\"query-input\":{\"@type\":\"PropertyValueSpecification\",\"valueRequired\":true,\"valueName\":\"search_term_string\"}}],\"inLanguage\":\"en-US\"},{\"@type\":\"Organization\",\"@id\":\"https:\\\/\\\/simedpr.com\\\/#organization\",\"name\":\"SIMED\",\"url\":\"https:\\\/\\\/simedpr.com\\\/\",\"logo\":{\"@type\":\"ImageObject\",\"inLanguage\":\"en-US\",\"@id\":\"https:\\\/\\\/simedpr.com\\\/#\\\/schema\\\/logo\\\/image\\\/\",\"url\":\"https:\\\/\\\/simedpr.com\\\/wp-content\\\/uploads\\\/2022\\\/11\\\/simed-40-gradient.svg\",\"contentUrl\":\"https:\\\/\\\/simedpr.com\\\/wp-content\\\/uploads\\\/2022\\\/11\\\/simed-40-gradient.svg\",\"width\":434,\"height\":160,\"caption\":\"SIMED\"},\"image\":{\"@id\":\"https:\\\/\\\/simedpr.com\\\/#\\\/schema\\\/logo\\\/image\\\/\"},\"sameAs\":[\"https:\\\/\\\/www.facebook.com\\\/SIMEDPR\",\"https:\\\/\\\/www.instagram.com\\\/simedpr\\\/?hl=en\",\"https:\\\/\\\/www.youtube.com\\\/@simedpuertorico349\"]}]}<\/script>\n<!-- \/ Yoast SEO plugin. -->","yoast_head_json":{"title":"L\u00edderes en seguros de impericia m\u00e9dica - SIMED","description":"En SIMED somos los l\u00edderes en seguros de impericia m\u00e9dica. Cuidando de la salud de tu Carrera en cada una de sus etapas.","robots":{"index":"index","follow":"follow","max-snippet":"max-snippet:-1","max-image-preview":"max-image-preview:large","max-video-preview":"max-video-preview:-1"},"canonical":"https:\/\/simedpr.com\/en\/sobre-simed\/","og_locale":"en_US","og_type":"article","og_title":"L\u00edderes en seguros de impericia m\u00e9dica - SIMED","og_description":"En SIMED somos los l\u00edderes en seguros de impericia m\u00e9dica. Cuidando de la salud de tu Carrera en cada una de sus etapas.","og_url":"https:\/\/simedpr.com\/en\/sobre-simed\/","og_site_name":"SIMED","article_publisher":"https:\/\/www.facebook.com\/SIMEDPR","article_modified_time":"2024-05-31T17:57:13+00:00","og_image":[{"url":"https:\/\/simedpr.com\/wp-content\/uploads\/2022\/11\/gradient-divider.svg","type":"","width":"","height":""}],"twitter_card":"summary_large_image","twitter_misc":{"Est. reading time":"2 minutes"},"schema":{"@context":"https:\/\/schema.org","@graph":[{"@type":"WebPage","@id":"https:\/\/simedpr.com\/sobre-simed\/","url":"https:\/\/simedpr.com\/sobre-simed\/","name":"L\u00edderes en seguros de impericia m\u00e9dica - SIMED","isPartOf":{"@id":"https:\/\/simedpr.com\/#website"},"primaryImageOfPage":{"@id":"https:\/\/simedpr.com\/sobre-simed\/#primaryimage"},"image":{"@id":"https:\/\/simedpr.com\/sobre-simed\/#primaryimage"},"thumbnailUrl":"https:\/\/simedpr.com\/wp-content\/uploads\/2022\/11\/gradient-divider.svg","datePublished":"2022-11-18T20:49:21+00:00","dateModified":"2024-05-31T17:57:13+00:00","description":"En SIMED somos los l\u00edderes en seguros de impericia m\u00e9dica. Cuidando de la salud de tu Carrera en cada una de sus etapas.","breadcrumb":{"@id":"https:\/\/simedpr.com\/sobre-simed\/#breadcrumb"},"inLanguage":"en-US","potentialAction":[{"@type":"ReadAction","target":["https:\/\/simedpr.com\/sobre-simed\/"]}]},{"@type":"ImageObject","inLanguage":"en-US","@id":"https:\/\/simedpr.com\/sobre-simed\/#primaryimage","url":"https:\/\/simedpr.com\/wp-content\/uploads\/2022\/11\/gradient-divider.svg","contentUrl":"https:\/\/simedpr.com\/wp-content\/uploads\/2022\/11\/gradient-divider.svg"},{"@type":"BreadcrumbList","@id":"https:\/\/simedpr.com\/sobre-simed\/#breadcrumb","itemListElement":[{"@type":"ListItem","position":1,"name":"Home","item":"https:\/\/simedpr.com\/"},{"@type":"ListItem","position":2,"name":"Sobre SIMED"}]},{"@type":"WebSite","@id":"https:\/\/simedpr.com\/#website","url":"https:\/\/simedpr.com\/","name":"SIMED","description":"We protect the careers of those who care for our health.","publisher":{"@id":"https:\/\/simedpr.com\/#organization"},"potentialAction":[{"@type":"SearchAction","target":{"@type":"EntryPoint","urlTemplate":"https:\/\/simedpr.com\/?s={search_term_string}"},"query-input":{"@type":"PropertyValueSpecification","valueRequired":true,"valueName":"search_term_string"}}],"inLanguage":"en-US"},{"@type":"Organization","@id":"https:\/\/simedpr.com\/#organization","name":"SIMED","url":"https:\/\/simedpr.com\/","logo":{"@type":"ImageObject","inLanguage":"en-US","@id":"https:\/\/simedpr.com\/#\/schema\/logo\/image\/","url":"https:\/\/simedpr.com\/wp-content\/uploads\/2022\/11\/simed-40-gradient.svg","contentUrl":"https:\/\/simedpr.com\/wp-content\/uploads\/2022\/11\/simed-40-gradient.svg","width":434,"height":160,"caption":"SIMED"},"image":{"@id":"https:\/\/simedpr.com\/#\/schema\/logo\/image\/"},"sameAs":["https:\/\/www.facebook.com\/SIMEDPR","https:\/\/www.instagram.com\/simedpr\/?hl=en","https:\/\/www.youtube.com\/@simedpuertorico349"]}]}},"_links":{"self":[{"href":"https:\/\/simedpr.com\/en\/wp-json\/wp\/v2\/pages\/52","targetHints":{"allow":["GET"]}}],"collection":[{"href":"https:\/\/simedpr.com\/en\/wp-json\/wp\/v2\/pages"}],"about":[{"href":"https:\/\/simedpr.com\/en\/wp-json\/wp\/v2\/types\/page"}],"author":[{"embeddable":true,"href":"https:\/\/simedpr.com\/en\/wp-json\/wp\/v2\/users\/2"}],"replies":[{"embeddable":true,"href":"https:\/\/simedpr.com\/en\/wp-json\/wp\/v2\/comments?post=52"}],"version-history":[{"count":0,"href":"https:\/\/simedpr.com\/en\/wp-json\/wp\/v2\/pages\/52\/revisions"}],"wp:attachment":[{"href":"https:\/\/simedpr.com\/en\/wp-json\/wp\/v2\/media?parent=52"}],"curies":[{"name":"wp","href":"https:\/\/api.w.org\/{rel}","templated":true}]}}